{"id":255,"date":"2025-04-13T13:39:29","date_gmt":"2025-04-13T13:39:29","guid":{"rendered":"https:\/\/juhlasomistus.info\/?page_id=255"},"modified":"2026-04-13T17:06:33","modified_gmt":"2026-04-13T17:06:33","slug":"kuvia","status":"publish","type":"page","link":"https:\/\/juhlasomistus.info\/?page_id=255","title":{"rendered":"Kuvia"},"content":{"rendered":"\n<h3 class=\"wp-block-heading\"><strong>Alla olevassa kuvasarjassa on valkoisemmat ja kevyemm\u00e4t<\/strong> <strong>lavaverhot<\/strong>.<\/h3>\n\n\n\n<ul class=\"wp-block-list\">\n<li>Verhot voi asetella roikkumaan avoimina tai sidottuina, hinta 120 e (5-verhoa)<\/li>\n<\/ul>\n\n\n\n<div class=\"wp-block-group\"><div class=\"wp-block-group__inner-container is-layout-constrained wp-block-group-is-layout-constrained\">\n<figure class=\"wp-block-image size-large\"><img loading=\"lazy\" decoding=\"async\" width=\"1024\" height=\"683\" src=\"https:\/\/juhlasomistus.info\/wp-content\/uploads\/2025\/04\/Taustaverhot-ja-tuolit-1024x683.png\" alt=\"\" class=\"wp-image-177\" srcset=\"https:\/\/juhlasomistus.info\/wp-content\/uploads\/2025\/04\/Taustaverhot-ja-tuolit-1024x683.png 1024w, https:\/\/juhlasomistus.info\/wp-content\/uploads\/2025\/04\/Taustaverhot-ja-tuolit-300x200.png 300w, https:\/\/juhlasomistus.info\/wp-content\/uploads\/2025\/04\/Taustaverhot-ja-tuolit-768x512.png 768w, https:\/\/juhlasomistus.info\/wp-content\/uploads\/2025\/04\/Taustaverhot-ja-tuolit.png 1200w\" sizes=\"auto, (max-width: 1024px) 100vw, 1024px\" \/><\/figure>\n<\/div><\/div>\n\n\n\n<p><\/p>\n\n\n\n<p><\/p>\n\n\n\n<h3 class=\"wp-block-heading\"><strong>Lis\u00e4\u00e4 kuvia kattoverhoiluista<\/strong><\/h3>\n\n\n\n<p><\/p>\n\n\n\n<ul class=\"wp-block-list\">\n<li>Seuraavissa kuvissa valkoinen kattoverhoilu pinkill\u00e4, sinisell\u00e4 ja harmaalla s\u00e4vynauhalla.<\/li>\n\n\n\n<li>Kattoverhoilut ovat kauniita my\u00f6s ilman s\u00e4vynauhoja.<\/li>\n\n\n\n<li>Kattoverhoilu ilman s\u00e4vynauhaa 235 euroa ja s\u00e4vynauhan kanssa 295 euroa<\/li>\n<\/ul>\n\n\n\n<figure class=\"wp-block-gallery has-nested-images columns-default is-cropped wp-block-gallery-1 is-layout-flex wp-block-gallery-is-layout-flex\">\n<figure class=\"wp-block-image size-large\"><img loading=\"lazy\" decoding=\"async\" width=\"1024\" height=\"683\" data-id=\"189\" src=\"https:\/\/juhlasomistus.info\/wp-content\/uploads\/2025\/04\/Uusin-2-1024x683.png\" alt=\"\" class=\"wp-image-189\" srcset=\"https:\/\/juhlasomistus.info\/wp-content\/uploads\/2025\/04\/Uusin-2-1024x683.png 1024w, https:\/\/juhlasomistus.info\/wp-content\/uploads\/2025\/04\/Uusin-2-300x200.png 300w, https:\/\/juhlasomistus.info\/wp-content\/uploads\/2025\/04\/Uusin-2-768x512.png 768w, https:\/\/juhlasomistus.info\/wp-content\/uploads\/2025\/04\/Uusin-2.png 1200w\" sizes=\"auto, (max-width: 1024px) 100vw, 1024px\" \/><\/figure>\n\n\n\n<figure class=\"wp-block-image size-large\"><img loading=\"lazy\" decoding=\"async\" width=\"1024\" height=\"683\" data-id=\"186\" src=\"https:\/\/juhlasomistus.info\/wp-content\/uploads\/2025\/04\/Kattoverhot-ja-reunat-1024x683.png\" alt=\"\" class=\"wp-image-186\" srcset=\"https:\/\/juhlasomistus.info\/wp-content\/uploads\/2025\/04\/Kattoverhot-ja-reunat-1024x683.png 1024w, https:\/\/juhlasomistus.info\/wp-content\/uploads\/2025\/04\/Kattoverhot-ja-reunat-300x200.png 300w, https:\/\/juhlasomistus.info\/wp-content\/uploads\/2025\/04\/Kattoverhot-ja-reunat-768x512.png 768w, https:\/\/juhlasomistus.info\/wp-content\/uploads\/2025\/04\/Kattoverhot-ja-reunat.png 1200w\" sizes=\"auto, (max-width: 1024px) 100vw, 1024px\" \/><\/figure>\n<\/figure>\n\n\n\n<ul class=\"wp-block-list\">\n<li>Kattoverhoilu: vihre\u00e4-valkoinen, sini-valkoinen &#8211; hinta 255 e<\/li>\n<\/ul>\n\n\n\n<figure class=\"wp-block-gallery has-nested-images columns-default is-cropped wp-block-gallery-2 is-layout-flex wp-block-gallery-is-layout-flex\">\n<figure class=\"wp-block-image size-large\"><img loading=\"lazy\" decoding=\"async\" width=\"794\" height=\"1024\" data-id=\"376\" src=\"https:\/\/juhlasomistus.info\/wp-content\/uploads\/2026\/03\/Vihrea-valkoinen-2-794x1024.jpg\" alt=\"\" class=\"wp-image-376\" srcset=\"https:\/\/juhlasomistus.info\/wp-content\/uploads\/2026\/03\/Vihrea-valkoinen-2-794x1024.jpg 794w, https:\/\/juhlasomistus.info\/wp-content\/uploads\/2026\/03\/Vihrea-valkoinen-2-233x300.jpg 233w, https:\/\/juhlasomistus.info\/wp-content\/uploads\/2026\/03\/Vihrea-valkoinen-2-768x990.jpg 768w, https:\/\/juhlasomistus.info\/wp-content\/uploads\/2026\/03\/Vihrea-valkoinen-2-1192x1536.jpg 1192w, https:\/\/juhlasomistus.info\/wp-content\/uploads\/2026\/03\/Vihrea-valkoinen-2-1589x2048.jpg 1589w, https:\/\/juhlasomistus.info\/wp-content\/uploads\/2026\/03\/Vihrea-valkoinen-2-1140x1470.jpg 1140w, https:\/\/juhlasomistus.info\/wp-content\/uploads\/2026\/03\/Vihrea-valkoinen-2-scaled.jpg 1986w\" sizes=\"auto, (max-width: 794px) 100vw, 794px\" \/><\/figure>\n\n\n\n<figure class=\"wp-block-image size-full\"><img loading=\"lazy\" decoding=\"async\" width=\"640\" height=\"427\" data-id=\"365\" src=\"https:\/\/juhlasomistus.info\/wp-content\/uploads\/2026\/02\/flowers-7312298_640.jpg\" alt=\"\" class=\"wp-image-365\" srcset=\"https:\/\/juhlasomistus.info\/wp-content\/uploads\/2026\/02\/flowers-7312298_640.jpg 640w, https:\/\/juhlasomistus.info\/wp-content\/uploads\/2026\/02\/flowers-7312298_640-300x200.jpg 300w\" sizes=\"auto, (max-width: 640px) 100vw, 640px\" \/><\/figure>\n\n\n\n<figure class=\"wp-block-image size-large\"><img loading=\"lazy\" decoding=\"async\" width=\"750\" height=\"1024\" data-id=\"384\" src=\"https:\/\/juhlasomistus.info\/wp-content\/uploads\/2026\/04\/Sini-valkoinen-11-750x1024.jpg\" alt=\"\" class=\"wp-image-384\" srcset=\"https:\/\/juhlasomistus.info\/wp-content\/uploads\/2026\/04\/Sini-valkoinen-11-750x1024.jpg 750w, https:\/\/juhlasomistus.info\/wp-content\/uploads\/2026\/04\/Sini-valkoinen-11-220x300.jpg 220w, https:\/\/juhlasomistus.info\/wp-content\/uploads\/2026\/04\/Sini-valkoinen-11-768x1048.jpg 768w, https:\/\/juhlasomistus.info\/wp-content\/uploads\/2026\/04\/Sini-valkoinen-11-1125x1536.jpg 1125w, https:\/\/juhlasomistus.info\/wp-content\/uploads\/2026\/04\/Sini-valkoinen-11-1140x1556.jpg 1140w, https:\/\/juhlasomistus.info\/wp-content\/uploads\/2026\/04\/Sini-valkoinen-11-rotated.jpg 1309w\" sizes=\"auto, (max-width: 750px) 100vw, 750px\" \/><\/figure>\n<\/figure>\n\n\n\n<h3 class=\"wp-block-heading\"><strong>Led-t\u00e4htitaivasvalot<\/strong><\/h3>\n\n\n\n<ul class=\"wp-block-list\">\n<li>Led-t\u00e4htitaivasvalot 75 e <\/li>\n\n\n\n<li>Tilassa on asiakkaan k\u00e4ytett\u00e4viss\u00e4 Yamaha- s\u00e4hk\u00f6piano, taustalla ovat valkoiset lavaverhot (120 e)<\/li>\n<\/ul>\n\n\n\n<figure class=\"wp-block-gallery has-nested-images columns-default is-cropped wp-block-gallery-3 is-layout-flex wp-block-gallery-is-layout-flex\">\n<figure class=\"wp-block-image size-large\"><img loading=\"lazy\" decoding=\"async\" width=\"800\" height=\"600\" data-id=\"218\" src=\"https:\/\/juhlasomistus.info\/wp-content\/uploads\/2025\/04\/Kattovalot-800-x-600-uusin-2.png\" alt=\"\" class=\"wp-image-218\" srcset=\"https:\/\/juhlasomistus.info\/wp-content\/uploads\/2025\/04\/Kattovalot-800-x-600-uusin-2.png 800w, https:\/\/juhlasomistus.info\/wp-content\/uploads\/2025\/04\/Kattovalot-800-x-600-uusin-2-300x225.png 300w, https:\/\/juhlasomistus.info\/wp-content\/uploads\/2025\/04\/Kattovalot-800-x-600-uusin-2-768x576.png 768w\" sizes=\"auto, (max-width: 800px) 100vw, 800px\" \/><\/figure>\n\n\n\n<figure class=\"wp-block-image size-full\"><img loading=\"lazy\" decoding=\"async\" width=\"1931\" height=\"2560\" data-id=\"385\" src=\"https:\/\/juhlasomistus.info\/wp-content\/uploads\/2026\/04\/Kulta-valkoinen-ja-valot-9-scaled.jpg\" alt=\"\" class=\"wp-image-385\" srcset=\"https:\/\/juhlasomistus.info\/wp-content\/uploads\/2026\/04\/Kulta-valkoinen-ja-valot-9-scaled.jpg 1931w, https:\/\/juhlasomistus.info\/wp-content\/uploads\/2026\/04\/Kulta-valkoinen-ja-valot-9-226x300.jpg 226w, https:\/\/juhlasomistus.info\/wp-content\/uploads\/2026\/04\/Kulta-valkoinen-ja-valot-9-773x1024.jpg 773w, https:\/\/juhlasomistus.info\/wp-content\/uploads\/2026\/04\/Kulta-valkoinen-ja-valot-9-768x1018.jpg 768w, https:\/\/juhlasomistus.info\/wp-content\/uploads\/2026\/04\/Kulta-valkoinen-ja-valot-9-1159x1536.jpg 1159w, https:\/\/juhlasomistus.info\/wp-content\/uploads\/2026\/04\/Kulta-valkoinen-ja-valot-9-1545x2048.jpg 1545w, https:\/\/juhlasomistus.info\/wp-content\/uploads\/2026\/04\/Kulta-valkoinen-ja-valot-9-1140x1511.jpg 1140w\" sizes=\"auto, (max-width: 1931px) 100vw, 1931px\" \/><\/figure>\n\n\n\n<figure class=\"wp-block-image size-large\"><img loading=\"lazy\" decoding=\"async\" width=\"771\" height=\"1024\" data-id=\"355\" src=\"https:\/\/juhlasomistus.info\/wp-content\/uploads\/2026\/02\/IMG_20250509_080659_HDR-1-771x1024.jpg\" alt=\"\" class=\"wp-image-355\" srcset=\"https:\/\/juhlasomistus.info\/wp-content\/uploads\/2026\/02\/IMG_20250509_080659_HDR-1-771x1024.jpg 771w, https:\/\/juhlasomistus.info\/wp-content\/uploads\/2026\/02\/IMG_20250509_080659_HDR-1-226x300.jpg 226w, https:\/\/juhlasomistus.info\/wp-content\/uploads\/2026\/02\/IMG_20250509_080659_HDR-1-768x1020.jpg 768w, https:\/\/juhlasomistus.info\/wp-content\/uploads\/2026\/02\/IMG_20250509_080659_HDR-1-1157x1536.jpg 1157w, https:\/\/juhlasomistus.info\/wp-content\/uploads\/2026\/02\/IMG_20250509_080659_HDR-1-1542x2048.jpg 1542w, https:\/\/juhlasomistus.info\/wp-content\/uploads\/2026\/02\/IMG_20250509_080659_HDR-1-1140x1514.jpg 1140w, https:\/\/juhlasomistus.info\/wp-content\/uploads\/2026\/02\/IMG_20250509_080659_HDR-1-scaled.jpg 1928w\" sizes=\"auto, (max-width: 771px) 100vw, 771px\" \/><\/figure>\n<\/figure>\n\n\n\n<h3 class=\"wp-block-heading\"><strong>Pieni Sali<\/strong><\/h3>\n\n\n\n<ul class=\"wp-block-list\">\n<li>Kattoverhoilu 135 e<\/li>\n\n\n\n<li>Valkoiset ikkunaverhot 45 e<\/li>\n<\/ul>\n\n\n\n<p><\/p>\n\n\n\n<figure class=\"wp-block-gallery has-nested-images columns-default is-cropped wp-block-gallery-4 is-layout-flex wp-block-gallery-is-layout-flex\">\n<figure class=\"wp-block-image size-large\"><img loading=\"lazy\" decoding=\"async\" width=\"1024\" height=\"771\" data-id=\"353\" src=\"https:\/\/juhlasomistus.info\/wp-content\/uploads\/2026\/02\/IMG_20250803_084729_HDR-1024x771.jpg\" alt=\"\" class=\"wp-image-353\" srcset=\"https:\/\/juhlasomistus.info\/wp-content\/uploads\/2026\/02\/IMG_20250803_084729_HDR-1024x771.jpg 1024w, https:\/\/juhlasomistus.info\/wp-content\/uploads\/2026\/02\/IMG_20250803_084729_HDR-300x226.jpg 300w, https:\/\/juhlasomistus.info\/wp-content\/uploads\/2026\/02\/IMG_20250803_084729_HDR-768x578.jpg 768w, https:\/\/juhlasomistus.info\/wp-content\/uploads\/2026\/02\/IMG_20250803_084729_HDR-1536x1157.jpg 1536w, https:\/\/juhlasomistus.info\/wp-content\/uploads\/2026\/02\/IMG_20250803_084729_HDR-2048x1542.jpg 2048w, https:\/\/juhlasomistus.info\/wp-content\/uploads\/2026\/02\/IMG_20250803_084729_HDR-1140x858.jpg 1140w\" sizes=\"auto, (max-width: 1024px) 100vw, 1024px\" \/><\/figure>\n\n\n\n<figure class=\"wp-block-image size-full\"><img loading=\"lazy\" decoding=\"async\" width=\"1928\" height=\"2560\" data-id=\"272\" src=\"https:\/\/juhlasomistus.info\/wp-content\/uploads\/2025\/04\/IMG_20250227_143151_HDR-scaled.jpg\" alt=\"\" class=\"wp-image-272\" srcset=\"https:\/\/juhlasomistus.info\/wp-content\/uploads\/2025\/04\/IMG_20250227_143151_HDR-scaled.jpg 1928w, https:\/\/juhlasomistus.info\/wp-content\/uploads\/2025\/04\/IMG_20250227_143151_HDR-226x300.jpg 226w, https:\/\/juhlasomistus.info\/wp-content\/uploads\/2025\/04\/IMG_20250227_143151_HDR-771x1024.jpg 771w, https:\/\/juhlasomistus.info\/wp-content\/uploads\/2025\/04\/IMG_20250227_143151_HDR-768x1020.jpg 768w, https:\/\/juhlasomistus.info\/wp-content\/uploads\/2025\/04\/IMG_20250227_143151_HDR-1157x1536.jpg 1157w, https:\/\/juhlasomistus.info\/wp-content\/uploads\/2025\/04\/IMG_20250227_143151_HDR-1542x2048.jpg 1542w, https:\/\/juhlasomistus.info\/wp-content\/uploads\/2025\/04\/IMG_20250227_143151_HDR-1140x1514.jpg 1140w\" sizes=\"auto, (max-width: 1928px) 100vw, 1928px\" \/><\/figure>\n\n\n\n<figure class=\"wp-block-image size-large\"><img loading=\"lazy\" decoding=\"async\" width=\"771\" height=\"1024\" data-id=\"354\" src=\"https:\/\/juhlasomistus.info\/wp-content\/uploads\/2026\/02\/IMG_20250803_085028_HDR-771x1024.jpg\" alt=\"\" class=\"wp-image-354\" srcset=\"https:\/\/juhlasomistus.info\/wp-content\/uploads\/2026\/02\/IMG_20250803_085028_HDR-771x1024.jpg 771w, https:\/\/juhlasomistus.info\/wp-content\/uploads\/2026\/02\/IMG_20250803_085028_HDR-226x300.jpg 226w, https:\/\/juhlasomistus.info\/wp-content\/uploads\/2026\/02\/IMG_20250803_085028_HDR-768x1020.jpg 768w, https:\/\/juhlasomistus.info\/wp-content\/uploads\/2026\/02\/IMG_20250803_085028_HDR-1157x1536.jpg 1157w, https:\/\/juhlasomistus.info\/wp-content\/uploads\/2026\/02\/IMG_20250803_085028_HDR-1542x2048.jpg 1542w, https:\/\/juhlasomistus.info\/wp-content\/uploads\/2026\/02\/IMG_20250803_085028_HDR-1140x1514.jpg 1140w, https:\/\/juhlasomistus.info\/wp-content\/uploads\/2026\/02\/IMG_20250803_085028_HDR-scaled.jpg 1928w\" sizes=\"auto, (max-width: 771px) 100vw, 771px\" \/><\/figure>\n<\/figure>\n\n\n\n<p><\/p>\n\n\n\n<p><\/p>\n\n\n\n<p><\/p>\n\n\n\n<h3 class=\"wp-block-heading\"><strong>Lopuksi kuvasarja Kes\u00e4kodin omista verhoista ja kalusteista<\/strong><\/h3>\n\n\n\n<ul class=\"wp-block-list\">\n<li>Lavaverhot ovat siistit harmahtavan valkoiset<\/li>\n\n\n\n<li>Ikkunaverhot ovat  kirjavat kuvan mukaiset<\/li>\n\n\n\n<li>Alla kuva my\u00f6s tuoleista ja p\u00f6ydist\u00e4<\/li>\n<\/ul>\n\n\n\n<figure class=\"wp-block-gallery has-nested-images columns-default is-cropped wp-block-gallery-5 is-layout-flex wp-block-gallery-is-layout-flex\">\n<figure class=\"wp-block-image size-full\"><img loading=\"lazy\" decoding=\"async\" width=\"800\" height=\"800\" data-id=\"273\" src=\"https:\/\/juhlasomistus.info\/wp-content\/uploads\/2025\/04\/Kesakodin.png\" alt=\"\" class=\"wp-image-273\" srcset=\"https:\/\/juhlasomistus.info\/wp-content\/uploads\/2025\/04\/Kesakodin.png 800w, https:\/\/juhlasomistus.info\/wp-content\/uploads\/2025\/04\/Kesakodin-300x300.png 300w, https:\/\/juhlasomistus.info\/wp-content\/uploads\/2025\/04\/Kesakodin-150x150.png 150w, https:\/\/juhlasomistus.info\/wp-content\/uploads\/2025\/04\/Kesakodin-768x768.png 768w, https:\/\/juhlasomistus.info\/wp-content\/uploads\/2025\/04\/Kesakodin-75x75.png 75w\" sizes=\"auto, (max-width: 800px) 100vw, 800px\" \/><\/figure>\n\n\n\n<figure class=\"wp-block-image size-full\"><img loading=\"lazy\" decoding=\"async\" width=\"600\" height=\"800\" data-id=\"276\" src=\"https:\/\/juhlasomistus.info\/wp-content\/uploads\/2025\/04\/Ikk-1.png\" alt=\"\" class=\"wp-image-276\" srcset=\"https:\/\/juhlasomistus.info\/wp-content\/uploads\/2025\/04\/Ikk-1.png 600w, https:\/\/juhlasomistus.info\/wp-content\/uploads\/2025\/04\/Ikk-1-225x300.png 225w\" sizes=\"auto, (max-width: 600px) 100vw, 600px\" \/><\/figure>\n\n\n\n<figure class=\"wp-block-image size-full\"><img loading=\"lazy\" decoding=\"async\" width=\"500\" height=\"800\" data-id=\"274\" src=\"https:\/\/juhlasomistus.info\/wp-content\/uploads\/2025\/04\/Kesakodin-ikkunaverho.png\" alt=\"\" class=\"wp-image-274\" srcset=\"https:\/\/juhlasomistus.info\/wp-content\/uploads\/2025\/04\/Kesakodin-ikkunaverho.png 500w, https:\/\/juhlasomistus.info\/wp-content\/uploads\/2025\/04\/Kesakodin-ikkunaverho-188x300.png 188w\" sizes=\"auto, (max-width: 500px) 100vw, 500px\" \/><\/figure>\n<\/figure>\n\n\n\n<p><\/p>\n","protected":false},"excerpt":{"rendered":"<p>Alla olevassa kuvasarjassa on valkoisemmat ja kevyemm\u00e4t lavaverhot. Lis\u00e4\u00e4 kuvia kattoverhoiluista Led-t\u00e4htitaivasvalot Pieni Sali Lopuksi kuvasarja Kes\u00e4kodin omista verhoista ja kalusteista<\/p>\n","protected":false},"author":1,"featured_media":0,"parent":0,"menu_order":0,"comment_status":"closed","ping_status":"closed","template":"","meta":{"footnotes":""},"class_list":["post-255","page","type-page","status-publish","hentry"],"_links":{"self":[{"href":"https:\/\/juhlasomistus.info\/index.php?rest_route=\/wp\/v2\/pages\/255","targetHints":{"allow":["GET"]}}],"collection":[{"href":"https:\/\/juhlasomistus.info\/index.php?rest_route=\/wp\/v2\/pages"}],"about":[{"href":"https:\/\/juhlasomistus.info\/index.php?rest_route=\/wp\/v2\/types\/page"}],"author":[{"embeddable":true,"href":"https:\/\/juhlasomistus.info\/index.php?rest_route=\/wp\/v2\/users\/1"}],"replies":[{"embeddable":true,"href":"https:\/\/juhlasomistus.info\/index.php?rest_route=%2Fwp%2Fv2%2Fcomments&post=255"}],"version-history":[{"count":17,"href":"https:\/\/juhlasomistus.info\/index.php?rest_route=\/wp\/v2\/pages\/255\/revisions"}],"predecessor-version":[{"id":392,"href":"https:\/\/juhlasomistus.info\/index.php?rest_route=\/wp\/v2\/pages\/255\/revisions\/392"}],"wp:attachment":[{"href":"https:\/\/juhlasomistus.info\/index.php?rest_route=%2Fwp%2Fv2%2Fmedia&parent=255"}],"curies":[{"name":"wp","href":"https:\/\/api.w.org\/{rel}","templated":true}]}}