{"id":129,"date":"2025-01-19T10:47:45","date_gmt":"2025-01-19T10:47:45","guid":{"rendered":"https:\/\/juhlasomistus.info\/?page_id=129"},"modified":"2025-04-13T13:58:45","modified_gmt":"2025-04-13T13:58:45","slug":"etusivu","status":"publish","type":"page","link":"https:\/\/juhlasomistus.info\/","title":{"rendered":"Etusivu"},"content":{"rendered":"\n<p class=\"has-pale-pink-color has-text-color has-link-color wp-elements-2dae02483c8b2e1dda30a6819b47cee9\"><\/p>\n\n\n\n<p><strong>Yrityksemme on tehnyt t\u00e4h\u00e4n saliin mittatilausty\u00f6n\u00e4 kuvassa n\u00e4kyv\u00e4t verhoilut ja somisteet.&nbsp;Kes\u00e4kodin asiakkaana sinulla on mahdollisuus tilata meilt\u00e4 alla mainittuja palveluita&nbsp;tai vuokrata joitain tuotteita. Galleria-sivulta n\u00e4et yksityiskohtaisempia kuvia sek\u00e4 my\u00f6s milt\u00e4 sali n\u00e4ytt\u00e4\u00e4 ilman tuolihuppuja tai varustettuna kes\u00e4kodin omilla ikkunaverhoilla.<\/strong><\/p>\n\n\n\n<h4 class=\"wp-block-heading\"><\/h4>\n\n\n\n<p>Pinkki- valkoinen<\/p>\n\n\n\n<figure class=\"wp-block-image size-large\"><img loading=\"lazy\" decoding=\"async\" width=\"1024\" height=\"671\" src=\"https:\/\/juhlasomistus.info\/wp-content\/uploads\/2025\/04\/Etusivu-1200-x-800-1-1024x671.png\" alt=\"\" class=\"wp-image-262\" srcset=\"https:\/\/juhlasomistus.info\/wp-content\/uploads\/2025\/04\/Etusivu-1200-x-800-1-1024x671.png 1024w, https:\/\/juhlasomistus.info\/wp-content\/uploads\/2025\/04\/Etusivu-1200-x-800-1-300x197.png 300w, https:\/\/juhlasomistus.info\/wp-content\/uploads\/2025\/04\/Etusivu-1200-x-800-1-768x503.png 768w, https:\/\/juhlasomistus.info\/wp-content\/uploads\/2025\/04\/Etusivu-1200-x-800-1-1140x747.png 1140w, https:\/\/juhlasomistus.info\/wp-content\/uploads\/2025\/04\/Etusivu-1200-x-800-1.png 1200w\" sizes=\"auto, (max-width: 1024px) 100vw, 1024px\" \/><\/figure>\n\n\n\n<h2 class=\"wp-block-heading\"><\/h2>\n\n\n\n<p>Musta-valkoinen<\/p>\n\n\n\n<figure class=\"wp-block-gallery has-nested-images columns-default is-cropped wp-block-gallery-1 is-layout-flex wp-block-gallery-is-layout-flex\">\n<figure class=\"wp-block-image size-large\"><img loading=\"lazy\" decoding=\"async\" width=\"1024\" height=\"683\" data-id=\"263\" src=\"https:\/\/juhlasomistus.info\/wp-content\/uploads\/2025\/04\/u-1024x683.png\" alt=\"\" class=\"wp-image-263\" srcset=\"https:\/\/juhlasomistus.info\/wp-content\/uploads\/2025\/04\/u-1024x683.png 1024w, https:\/\/juhlasomistus.info\/wp-content\/uploads\/2025\/04\/u-300x200.png 300w, https:\/\/juhlasomistus.info\/wp-content\/uploads\/2025\/04\/u-768x512.png 768w, https:\/\/juhlasomistus.info\/wp-content\/uploads\/2025\/04\/u-1140x760.png 1140w, https:\/\/juhlasomistus.info\/wp-content\/uploads\/2025\/04\/u.png 1200w\" sizes=\"auto, (max-width: 1024px) 100vw, 1024px\" \/><\/figure>\n<\/figure>\n\n\n\n<p><\/p>\n\n\n\n<figure class=\"wp-block-gallery has-nested-images columns-default is-cropped wp-block-gallery-2 is-layout-flex wp-block-gallery-is-layout-flex\"><\/figure>\n\n\n\n<p><\/p>\n","protected":false},"excerpt":{"rendered":"<p>Yrityksemme on tehnyt t\u00e4h\u00e4n saliin mittatilausty\u00f6n\u00e4 kuvassa n\u00e4kyv\u00e4t verhoilut ja somisteet.&nbsp;Kes\u00e4kodin asiakkaana sinulla on mahdollisuus tilata meilt\u00e4 alla mainittuja palveluita&nbsp;tai vuokrata joitain tuotteita. Galleria-sivulta n\u00e4et yksityiskohtaisempia kuvia sek\u00e4 my\u00f6s milt\u00e4 sali n\u00e4ytt\u00e4\u00e4 ilman tuolihuppuja tai varustettuna kes\u00e4kodin omilla ikkunaverhoilla. Pinkki- valkoinen Musta-valkoinen<\/p>\n","protected":false},"author":1,"featured_media":0,"parent":0,"menu_order":0,"comment_status":"closed","ping_status":"closed","template":"","meta":{"footnotes":""},"class_list":["post-129","page","type-page","status-publish","hentry"],"_links":{"self":[{"href":"https:\/\/juhlasomistus.info\/index.php?rest_route=\/wp\/v2\/pages\/129","targetHints":{"allow":["GET"]}}],"collection":[{"href":"https:\/\/juhlasomistus.info\/index.php?rest_route=\/wp\/v2\/pages"}],"about":[{"href":"https:\/\/juhlasomistus.info\/index.php?rest_route=\/wp\/v2\/types\/page"}],"author":[{"embeddable":true,"href":"https:\/\/juhlasomistus.info\/index.php?rest_route=\/wp\/v2\/users\/1"}],"replies":[{"embeddable":true,"href":"https:\/\/juhlasomistus.info\/index.php?rest_route=%2Fwp%2Fv2%2Fcomments&post=129"}],"version-history":[{"count":13,"href":"https:\/\/juhlasomistus.info\/index.php?rest_route=\/wp\/v2\/pages\/129\/revisions"}],"predecessor-version":[{"id":264,"href":"https:\/\/juhlasomistus.info\/index.php?rest_route=\/wp\/v2\/pages\/129\/revisions\/264"}],"wp:attachment":[{"href":"https:\/\/juhlasomistus.info\/index.php?rest_route=%2Fwp%2Fv2%2Fmedia&parent=129"}],"curies":[{"name":"wp","href":"https:\/\/api.w.org\/{rel}","templated":true}]}}